{"id":3220,"date":"2019-05-10T11:38:04","date_gmt":"2019-05-10T09:38:04","guid":{"rendered":"https:\/\/hogefronten.nl\/?page_id=3220"},"modified":"2019-11-04T16:46:46","modified_gmt":"2019-11-04T15:46:46","slug":"staff-members","status":"publish","type":"page","link":"https:\/\/hogefronten.nl\/en\/staff-members\/","title":{"rendered":"Staff members"},"content":{"rendered":"<div class=\"wpb-content-wrapper\"><p>[vc_row css_animation=&#8221;&#8221; row_type=&#8221;row&#8221; use_row_as_full_screen_section=&#8221;no&#8221; type=&#8221;full_width&#8221; angled_section=&#8221;no&#8221; text_align=&#8221;left&#8221; background_image_as_pattern=&#8221;without_pattern&#8221;][vc_column][rev_slider_vc alias=&#8221;staff-members&#8221;][vc_empty_space height=&#8221;100px&#8221;][\/vc_column][\/vc_row][vc_row css_animation=&#8221;&#8221; row_type=&#8221;row&#8221; use_row_as_full_screen_section=&#8221;no&#8221; type=&#8221;grid&#8221; angled_section=&#8221;no&#8221; text_align=&#8221;left&#8221; background_image_as_pattern=&#8221;without_pattern&#8221;][vc_column width=&#8221;1\/3&#8243; el_class=&#8221;inhoud_kolom&#8221;][vc_column_text]<\/p>\n<h5 id=\"tw-target-text\" class=\"tw-data-text tw-ta tw-text-medium\" dir=\"ltr\" style=\"text-align: center;\" data-placeholder=\"Vertaling\"><strong>General Director<br \/>\n<\/strong><strong>Artistic direction<\/strong><\/h5>\n<p>[\/vc_column_text][vc_empty_space height=&#8221;10px&#8221;][vc_single_image image=&#8221;2592&#8243; alignment=&#8221;center&#8221; style=&#8221;vc_box_circle&#8221; qode_css_animation=&#8221;&#8221;][vc_empty_space height=&#8221;10px&#8221;][vc_column_text]<\/p>\n<p style=\"text-align: center;\">Lieke Benders<br \/>\n<a href=\"mailto:lieke@hogefronten.nl\">lieke@hogefronten.nl<\/a><\/p>\n<p>[\/vc_column_text][vc_empty_space height=&#8221;100px&#8221;][vc_column_text]<\/p>\n<h5 id=\"tw-target-text\" class=\"tw-data-text tw-ta tw-text-medium\" dir=\"ltr\" style=\"text-align: center;\" data-placeholder=\"Vertaling\"><strong>Public relations and office production<\/strong><\/h5>\n<p>[\/vc_column_text][vc_empty_space height=&#8221;10px&#8221;][vc_single_image image=&#8221;2418&#8243; alignment=&#8221;center&#8221; style=&#8221;vc_box_circle&#8221; qode_css_animation=&#8221;&#8221;][vc_empty_space height=&#8221;10px&#8221;][vc_column_text]<\/p>\n<p style=\"text-align: center;\">Marjolein de Man<br \/>\n<a href=\"mailto:marjolein@hogefronten.nl\">marjolein@hogefronten.nl<\/a><\/p>\n<p>[\/vc_column_text][vc_empty_space height=&#8221;50px&#8221;][\/vc_column][vc_column width=&#8221;1\/3&#8243;][vc_column_text]<\/p>\n<h5 id=\"tw-target-text\" class=\"tw-data-text tw-ta tw-text-medium\" dir=\"ltr\" style=\"text-align: center;\" data-placeholder=\"Vertaling\"><strong><span lang=\"en\" tabindex=\"0\">Commercial management<br \/>\nFinance, grants, staff<br \/>\n<\/span><\/strong><\/h5>\n<p>[\/vc_column_text][vc_empty_space height=&#8221;10px&#8221;][vc_single_image image=&#8221;2576&#8243; alignment=&#8221;center&#8221; style=&#8221;vc_box_circle&#8221; qode_css_animation=&#8221;&#8221;][vc_empty_space height=&#8221;10px&#8221;][vc_column_text]<\/p>\n<p style=\"text-align: center;\">Janneke Schmeitz<br \/>\n<a href=\"mailto:janneke@hogefronten.nl\">janneke@hogefronten.nl<\/a><\/p>\n<p>[\/vc_column_text][vc_empty_space height=&#8221;100px&#8221;][vc_column_text]<\/p>\n<h5 id=\"tw-target-text\" class=\"tw-data-text tw-ta tw-text-large\" dir=\"ltr\" style=\"text-align: center;\" data-placeholder=\"Vertaling\"><strong><span lang=\"en\" tabindex=\"0\">Production<\/span><\/strong><\/h5>\n<p>&nbsp;<\/p>\n<p>[\/vc_column_text][vc_empty_space height=&#8221;10px&#8221;][vc_single_image image=&#8221;2412&#8243; alignment=&#8221;center&#8221; style=&#8221;vc_box_circle&#8221; qode_css_animation=&#8221;&#8221;][vc_empty_space height=&#8221;10px&#8221;][vc_column_text]<\/p>\n<p style=\"text-align: center;\">Wouter Ramakers<br \/>\n<a href=\"mailto:productie@hogefronten.nl\">productie@hogefronten.nl<\/a><\/p>\n<p>[\/vc_column_text][vc_empty_space height=&#8221;50px&#8221;][\/vc_column][vc_column width=&#8221;1\/3&#8243;][vc_column_text]<\/p>\n<h5 id=\"tw-target-text\" class=\"tw-data-text tw-ta tw-text-medium\" dir=\"ltr\" style=\"text-align: center;\" data-placeholder=\"Vertaling\"><strong><span lang=\"en\" tabindex=\"0\">Commercial management<br \/>\nSales, project grants<br \/>\n<\/span><\/strong><\/h5>\n<p>[\/vc_column_text][vc_empty_space height=&#8221;10px&#8221;][vc_single_image image=&#8221;2594&#8243; alignment=&#8221;center&#8221; style=&#8221;vc_box_circle&#8221; qode_css_animation=&#8221;&#8221;][vc_empty_space height=&#8221;10px&#8221;][vc_column_text]<\/p>\n<p style=\"text-align: center;\">Violien Vocks<br \/>\n<a href=\"mailto:violien@hogefronten.nl\">violien@hogefronten.nl<\/a><\/p>\n<p>[\/vc_column_text][vc_empty_space height=&#8221;100px&#8221;][vc_column_text]<\/p>\n<h5 id=\"tw-target-text\" class=\"tw-data-text tw-ta tw-text-medium\" dir=\"ltr\" style=\"text-align: center;\" data-placeholder=\"Vertaling\"><strong><span lang=\"en\" tabindex=\"0\">Publicity<\/span><\/strong><\/h5>\n<p>&nbsp;<\/p>\n<p>[\/vc_column_text][vc_empty_space height=&#8221;10px&#8221;][vc_single_image image=&#8221;2414&#8243; alignment=&#8221;center&#8221; style=&#8221;vc_box_circle&#8221; qode_css_animation=&#8221;&#8221;][vc_empty_space height=&#8221;10px&#8221;][vc_column_text]<\/p>\n<p style=\"text-align: center;\">Tessa Reijnders<br \/>\n<a href=\"mailto:publiciteit@hogefronten.nl\">publiciteit@hogefronten.nl<\/a><\/p>\n<p>[\/vc_column_text][vc_empty_space height=&#8221;50px&#8221;][\/vc_column][\/vc_row][vc_row css_animation=&#8221;&#8221; row_type=&#8221;row&#8221; use_row_as_full_screen_section=&#8221;no&#8221; type=&#8221;grid&#8221; angled_section=&#8221;no&#8221; text_align=&#8221;left&#8221; background_image_as_pattern=&#8221;without_pattern&#8221;][vc_column el_class=&#8221;inhoud_kolom&#8221;][vc_column_text]Pictures staff members: Jonathan Vos Photography[\/vc_column_text][vc_empty_space height=&#8221;50px&#8221;][vc_column_text]<strong>Board of the Hoge Fronten Foundation<\/strong><br \/>\nPeter Otten, chair<br \/>\nGeert ter Steeg<br \/>\nD\u00e9sir\u00e9e Schmalschl\u00e4ger<br \/>\nRob Polman<\/p>\n<p id=\"tw-target-text\" class=\"tw-data-text tw-ta tw-text-medium\" dir=\"ltr\" data-placeholder=\"Vertaling\"><strong><span lang=\"en\" tabindex=\"0\">Patroness<\/span> of STIL.het lab (laboratory)<br \/>\n<\/strong>Nicole Ramaekers-Rutjens, mayor of Gulpen-Wittem<\/p>\n<p>[\/vc_column_text][vc_empty_space height=&#8221;100px&#8221;][\/vc_column][\/vc_row]<\/p>\n<\/div>","protected":false},"excerpt":{"rendered":"<p>[vc_row css_animation=&#8221;&#8221; row_type=&#8221;row&#8221; use_row_as_full_screen_section=&#8221;no&#8221; type=&#8221;full_width&#8221; angled_section=&#8221;no&#8221; text_align=&#8221;left&#8221; background_image_as_pattern=&#8221;without_pattern&#8221;][vc_column][rev_slider_vc alias=&#8221;staff-members&#8221;][vc_empty_space height=&#8221;100px&#8221;][\/vc_column][\/vc_row][vc_row css_animation=&#8221;&#8221; row_type=&#8221;row&#8221; use_row_as_full_screen_section=&#8221;no&#8221; type=&#8221;grid&#8221; angled_section=&#8221;no&#8221; text_align=&#8221;left&#8221; background_image_as_pattern=&#8221;without_pattern&#8221;][vc_column width=&#8221;1\/3&#8243; el_class=&#8221;inhoud_kolom&#8221;][vc_column_text] General Director Artistic direction [\/vc_column_text][vc_empty_space height=&#8221;10px&#8221;][vc_single_image image=&#8221;2592&#8243; alignment=&#8221;center&#8221; style=&#8221;vc_box_circle&#8221; qode_css_animation=&#8221;&#8221;][vc_empty_space height=&#8221;10px&#8221;][vc_column_text] Lieke Benders lieke@hogefronten.nl [\/vc_column_text][vc_empty_space height=&#8221;100px&#8221;][vc_column_text] Public relations and office production [\/vc_column_text][vc_empty_space height=&#8221;10px&#8221;][vc_single_image image=&#8221;2418&#8243; alignment=&#8221;center&#8221; style=&#8221;vc_box_circle&#8221;&#8230;<\/p>\n","protected":false},"author":2,"featured_media":0,"parent":0,"menu_order":0,"comment_status":"closed","ping_status":"closed","template":"full_width.php","meta":{"_acf_changed":false,"h5ap_radio_sources":[],"footnotes":""},"class_list":["post-3220","page","type-page","status-publish","hentry"],"acf":[],"aioseo_notices":[],"jetpack_sharing_enabled":true,"_links":{"self":[{"href":"https:\/\/hogefronten.nl\/en\/wp-json\/wp\/v2\/pages\/3220","targetHints":{"allow":["GET"]}}],"collection":[{"href":"https:\/\/hogefronten.nl\/en\/wp-json\/wp\/v2\/pages"}],"about":[{"href":"https:\/\/hogefronten.nl\/en\/wp-json\/wp\/v2\/types\/page"}],"author":[{"embeddable":true,"href":"https:\/\/hogefronten.nl\/en\/wp-json\/wp\/v2\/users\/2"}],"replies":[{"embeddable":true,"href":"https:\/\/hogefronten.nl\/en\/wp-json\/wp\/v2\/comments?post=3220"}],"version-history":[{"count":22,"href":"https:\/\/hogefronten.nl\/en\/wp-json\/wp\/v2\/pages\/3220\/revisions"}],"predecessor-version":[{"id":4045,"href":"https:\/\/hogefronten.nl\/en\/wp-json\/wp\/v2\/pages\/3220\/revisions\/4045"}],"wp:attachment":[{"href":"https:\/\/hogefronten.nl\/en\/wp-json\/wp\/v2\/media?parent=3220"}],"curies":[{"name":"wp","href":"https:\/\/api.w.org\/{rel}","templated":true}]}}